{"id":2115,"date":"2014-02-01T01:23:33","date_gmt":"2014-02-01T01:23:33","guid":{"rendered":"https:\/\/canadianrailwayclub.ca\/?page_id=2115"},"modified":"2026-04-02T15:02:01","modified_gmt":"2026-04-02T19:02:01","slug":"nouvelles","status":"publish","type":"page","link":"https:\/\/canadianrailwayclub.ca\/fr\/nouvelles-et-activites\/nouvelles\/","title":{"rendered":"Nouvelles"},"content":{"rendered":"<div>\n<p>Ch\u00e8res et chers membres,<\/p>\n<p>Merci de votre pr\u00e9sence et participation au Gala annuel. Nous avons eu que des bons commentaires.<\/p>\n<p>Le tournoi de golf annuel est le 5 juin au Club de Golf LaChute. Beaucoup de plaisir en vue et esp\u00e9rons que la temp\u00e9rature sera de notre c\u00f4t\u00e9.<\/p>\n<p>Autre nouvelle, Derek Tardif de VIA Rail et Jacques Coulombe d&rsquo;exo ont termin\u00e9s leur mandat et Christiane Hamel de CPCK a pris sa retraite. Merci \u00e0 Christiane, Jacques and Derek pour leur contribution au Club. De nouveaux administrateurs rejoindront le Club dans un avenir rapproch\u00e9.<\/p>\n<p>Votre Conseil d&rsquo;administration<\/p>\n<p>Club du rail canadien<\/p>\n<\/div>\n<div><\/div>\n<div><\/div>\n<div><strong><span style=\"color: #0000ff;\">\u00a0<\/span><\/strong><\/div>\n<div><\/div>\n<div><\/div>\n<div><\/div>\n<div><\/div>\n","protected":false},"excerpt":{"rendered":"<p>Ch\u00e8res et chers membres, Merci de votre pr\u00e9sence et participation au Gala annuel. Nous avons eu que des bons commentaires. Le tournoi de golf annuel est le 5 juin au [&hellip;]<\/p>\n","protected":false},"author":5407,"featured_media":0,"parent":2113,"menu_order":2,"comment_status":"closed","ping_status":"closed","template":"","meta":{"footnotes":""},"class_list":["post-2115","page","type-page","status-publish","hentry"],"_links":{"self":[{"href":"https:\/\/canadianrailwayclub.ca\/fr\/wp-json\/wp\/v2\/pages\/2115","targetHints":{"allow":["GET"]}}],"collection":[{"href":"https:\/\/canadianrailwayclub.ca\/fr\/wp-json\/wp\/v2\/pages"}],"about":[{"href":"https:\/\/canadianrailwayclub.ca\/fr\/wp-json\/wp\/v2\/types\/page"}],"author":[{"embeddable":true,"href":"https:\/\/canadianrailwayclub.ca\/fr\/wp-json\/wp\/v2\/users\/5407"}],"replies":[{"embeddable":true,"href":"https:\/\/canadianrailwayclub.ca\/fr\/wp-json\/wp\/v2\/comments?post=2115"}],"version-history":[{"count":50,"href":"https:\/\/canadianrailwayclub.ca\/fr\/wp-json\/wp\/v2\/pages\/2115\/revisions"}],"predecessor-version":[{"id":11158,"href":"https:\/\/canadianrailwayclub.ca\/fr\/wp-json\/wp\/v2\/pages\/2115\/revisions\/11158"}],"up":[{"embeddable":true,"href":"https:\/\/canadianrailwayclub.ca\/fr\/wp-json\/wp\/v2\/pages\/2113"}],"wp:attachment":[{"href":"https:\/\/canadianrailwayclub.ca\/fr\/wp-json\/wp\/v2\/media?parent=2115"}],"curies":[{"name":"wp","href":"https:\/\/api.w.org\/{rel}","templated":true}]}}