{"id":2128,"date":"2014-02-01T12:02:30","date_gmt":"2014-02-01T12:02:30","guid":{"rendered":"https:\/\/canadianrailwayclub.ca\/?page_id=2128"},"modified":"2021-08-05T15:04:35","modified_gmt":"2021-08-05T20:04:35","slug":"bulletin","status":"publish","type":"page","link":"https:\/\/canadianrailwayclub.ca\/fr\/nouvelles-et-activites\/bulletin\/","title":{"rendered":"bulletins d&rsquo;information"},"content":{"rendered":"\n<p><strong>Cliquez sur le l&rsquo;edition pour afficher le bulletin.<\/strong><\/p>\n\n\n\n<p><a rel=\"noreferrer noopener\" href=\"https:\/\/www.instantflipbook.com\/flipbooks\/c34d5dc8e8\/?page=1\" target=\"_blank\">ao\u00fbt 2021<\/a><\/p>\n\n\n\n<p><a href=\"https:\/\/canadianrailwayclub.ca\/newsletters\/spring2021\/flipbook\/\" target=\"_blank\" rel=\"noopener\">avril 2021<\/a><\/p>\n\n\n\n<p><a href=\"https:\/\/canadianrailwayclub.ca\/newsletters\/winter2020\/\" target=\"_blank\" rel=\"noopener noreferrer\">d\u00e9cembre 2020<\/a><\/p>\n\n\n\n<p><a href=\"https:\/\/canadianrailwayclub.ca\/newsletters\/summer20\/\" target=\"_blank\" rel=\"noopener noreferrer\">ao\u00fbt 2020<\/a><\/p>\n\n\n\n<p><a href=\"https:\/\/www.instantflipbook.com\/flipbooks\/089c427662\/\" target=\"_blank\" rel=\"noopener noreferrer\">avril 2020<\/a><\/p>\n\n\n\n<p><a href=\"https:\/\/canadianrailwayclub.ca\/newsletters\/dec19\/CRC_newsletter_winter_2019_online.pdf\" target=\"_blank\" rel=\"noopener noreferrer\">d\u00e9cembre 2019<\/a><\/p>\n\n\n\n<p><a href=\"https:\/\/canadianrailwayclub.ca\/newsletters\/summer19\/flipbook\/\" target=\"_blank\" rel=\"noopener noreferrer\">ao\u00fbt 2019<\/a><\/p>\n\n\n\n<p><a href=\"https:\/\/canadianrailwayclub.ca\/newsletters\/apr19\/flipbook\/\" target=\"_blank\" rel=\"noopener noreferrer\">avril 2019<\/a><\/p>\n\n\n\n<p><a href=\"https:\/\/canadianrailwayclub.ca\/newsletters\/winter18\/\">d\u00e9cembre 2018<\/a><\/p>\n\n\n\n<p><a href=\"https:\/\/canadianrailwayclub.ca\/newsletters\/aug18\/flipbook\/\" target=\"_blank\" rel=\"noopener noreferrer\">ao\u00fbt 2018<\/a><\/p>\n\n\n\n<p><a href=\"https:\/\/canadianrailwayclub.ca\/newsletters\/apr18\" target=\"_blank\" rel=\"noopener noreferrer\">avril 2018<\/a><\/p>\n\n\n\n<p><a href=\"https:\/\/canadianrailwayclub.ca\/newsletters\/dec17\/flipbook\/?page=1\" target=\"_blank\" rel=\"noopener noreferrer\">d\u00e9cembre 2017<\/a><\/p>\n\n\n\n<p><a href=\"https:\/\/canadianrailwayclub.ca\/wp-content\/uploads\/2013\/05\/CRC_newsletter_august_2017_spreads_online.pdf\" target=\"_blank\" rel=\"noopener noreferrer\">ao\u00fbt 2017<\/a><\/p>\n\n\n\n<p><a href=\"https:\/\/canadianrailwayclub.ca\/fr\/nouvelles-et-activites\/bulletin\/crc_newsletter_april_2017_online\/\">avril 2017<\/a><\/p>\n\n\n\n<p><a href=\"https:\/\/canadianrailwayclub.ca\/wp-content\/uploads\/2014\/02\/CRC-Newsletter-Dec-2016.pdf\">d\u00e9cembre 2016<\/a><\/p>\n\n\n\n<p><a href=\"https:\/\/canadianrailwayclub.ca\/wp-content\/uploads\/2013\/05\/CRC-Aug-2016-Newsletter.pdf\" target=\"_blank\" rel=\"noopener noreferrer\">ao\u00fbt 2016<\/a><\/p>\n\n\n\n<p><a href=\"https:\/\/canadianrailwayclub.ca\/newsletters\/spring2020\/flipbook\/\" target=\"_blank\" rel=\"noopener noreferrer\">avril 2016<\/a><\/p>\n\n\n\n<p><a href=\"https:\/\/canadianrailwayclub.ca\/newsletters\/dec19\/CRC_newsletter_winter_2019_online.pdf\" target=\"_blank\" rel=\"noopener noreferrer\">d\u00e9cembre 2015<\/a><\/p>\n\n\n\n<p><a href=\"https:\/\/app.box.com\/s\/ceuktibkc542gwe5fm6zlnut3guzhhbm\" target=\"_blank\" rel=\"noopener noreferrer\">ao\u00fbt 2015<\/a><\/p>\n\n\n\n<p><a href=\"https:\/\/app.box.com\/s\/813jhb3rtkoknvjcmepwkdu7nlqjqxfm\" target=\"_blank\" rel=\"noopener noreferrer\">avril 2015<\/a><\/p>\n\n\n\n<p><a href=\"https:\/\/app.box.com\/s\/jbm01ssim0y5bfqnjvsu\" target=\"_blank\" rel=\"noopener noreferrer\">d\u00e9cembre 2014<\/a><\/p>\n\n\n\n<p><a href=\"https:\/\/app.box.com\/s\/flhwyx6nxmibi7113alj\">ao\u00fbt 2014<\/a><\/p>\n\n\n\n<p><a href=\"https:\/\/app.box.com\/s\/osg3a35dsqlaum1cwpbm\">avril 2014<\/a><\/p>\n\n\n\n<p><a href=\"https:\/\/app.box.com\/s\/5icvgro19o58zhxwjh8u\">d\u00e9cembre 2013<\/a><\/p>\n\n\n\n<p><a href=\"https:\/\/app.box.com\/s\/ohvzkadwfqxoqp3pzjcz\">ao\u00fbt 2013<\/a><\/p>\n\n\n\n<p><a href=\"https:\/\/app.box.com\/s\/z8bqr12l4gnqrft4ba4t\">avril 2013<\/a><\/p>\n\n\n\n<p><a href=\"https:\/\/app.box.com\/s\/q61xr427wj11cop97txl\">d\u00e9cembre 2012<\/a><\/p>\n\n\n\n<p><a href=\"https:\/\/app.box.com\/s\/fca253bd92edc0355407\">ao\u00fbt 2012<\/a><\/p>\n\n\n\n<p><a href=\"https:\/\/app.box.com\/s\/cf3866917c5f510ec670\">avril 2012<\/a><\/p>\n\n\n\n<p><a href=\"https:\/\/app.box.com\/s\/8rk5ibb8aqu5f3ouxsn6\">d\u00e9cembre 2011<\/a><\/p>\n\n\n\n<p><a href=\"https:\/\/app.box.com\/shared\/ank8aoaef9o257vzfrjq\">ao\u00fbt 2011<\/a><\/p>\n\n\n\n<p><a href=\"https:\/\/app.box.com\/shared\/auh0smf99zqral82qlvs\">avril 2011<\/a><\/p>\n\n\n","protected":false},"excerpt":{"rendered":"<p>Cliquez sur le l&rsquo;edition pour afficher le bulletin. ao\u00fbt 2021 avril 2021 d\u00e9cembre 2020 ao\u00fbt 2020 avril 2020 d\u00e9cembre 2019 ao\u00fbt 2019 avril 2019 d\u00e9cembre 2018 ao\u00fbt 2018 avril 2018 [&hellip;]<\/p>\n","protected":false},"author":5407,"featured_media":0,"parent":2113,"menu_order":3,"comment_status":"closed","ping_status":"closed","template":"","meta":{"footnotes":""},"class_list":["post-2128","page","type-page","status-publish","hentry"],"_links":{"self":[{"href":"https:\/\/canadianrailwayclub.ca\/fr\/wp-json\/wp\/v2\/pages\/2128","targetHints":{"allow":["GET"]}}],"collection":[{"href":"https:\/\/canadianrailwayclub.ca\/fr\/wp-json\/wp\/v2\/pages"}],"about":[{"href":"https:\/\/canadianrailwayclub.ca\/fr\/wp-json\/wp\/v2\/types\/page"}],"author":[{"embeddable":true,"href":"https:\/\/canadianrailwayclub.ca\/fr\/wp-json\/wp\/v2\/users\/5407"}],"replies":[{"embeddable":true,"href":"https:\/\/canadianrailwayclub.ca\/fr\/wp-json\/wp\/v2\/comments?post=2128"}],"version-history":[{"count":33,"href":"https:\/\/canadianrailwayclub.ca\/fr\/wp-json\/wp\/v2\/pages\/2128\/revisions"}],"predecessor-version":[{"id":7852,"href":"https:\/\/canadianrailwayclub.ca\/fr\/wp-json\/wp\/v2\/pages\/2128\/revisions\/7852"}],"up":[{"embeddable":true,"href":"https:\/\/canadianrailwayclub.ca\/fr\/wp-json\/wp\/v2\/pages\/2113"}],"wp:attachment":[{"href":"https:\/\/canadianrailwayclub.ca\/fr\/wp-json\/wp\/v2\/media?parent=2128"}],"curies":[{"name":"wp","href":"https:\/\/api.w.org\/{rel}","templated":true}]}}