{"id":2760,"date":"2020-05-28T12:47:56","date_gmt":"2020-05-28T17:47:56","guid":{"rendered":"https:\/\/canadianrailwayclub.ca\/?post_type=product&#038;p=2760"},"modified":"2025-11-12T11:45:28","modified_gmt":"2025-11-12T16:45:28","slug":"cotisation-annuelle","status":"publish","type":"product","link":"https:\/\/canadianrailwayclub.ca\/fr\/billets\/cotisation-annuelle\/","title":{"rendered":"Cotisation annuelle"},"content":{"rendered":"<h3><span style=\"color: #ffffff;\">.<\/span><\/h3>\n<h3><span style=\"color: #ffffff;\">.<\/span><\/h3>\n<h3>Exp\u00e9dition :<\/h3>\n<p>Les billets sont envoy\u00e9s par Postes Canada et prennent 2 \u00e0 4 jours au Canada et 4 \u00e0 7 jours aux \u00c9tats-Unis.<\/p>\n<h3>Politique de retour\u00a0:<\/h3>\n<p>Billets d&rsquo;\u00e9v\u00e9nement retourn\u00e9s 2 semaines avant la date de l&rsquo;\u00e9v\u00e9nement seront rembours\u00e9. Aucun remboursement pour les annulations tardives (moins de 2 semaines de la date de l\u2019\u00e9v\u00e9nement.)\u00a0\u00a0Aucun remboursement pour les adh\u00e9sions annuelles.<\/p>\n<h3>Termes et Conditions\u00a0:<\/h3>\n<p>Le Club du rail canadien se r\u00e9serve le droit de remplacer les conf\u00e9renciers si le conf\u00e9rencier r\u00e9gulier est incapable de respecter leur engagement initial. Nous nous r\u00e9servons le droit de modifier notre politique \u00e0 tout moment.<\/p>\n","protected":false},"excerpt":{"rendered":"<p>. . Exp\u00e9dition : Les billets sont envoy\u00e9s par Postes Canada et prennent 2 \u00e0 4 jours au Canada et 4 \u00e0 7 jours aux \u00c9tats-Unis. Politique de retour\u00a0: Billets [&hellip;]<\/p>\n","protected":false},"featured_media":2761,"comment_status":"closed","ping_status":"closed","template":"","meta":[],"product_brand":[],"product_cat":[],"product_tag":[],"class_list":{"0":"post-2760","1":"product","2":"type-product","3":"status-publish","4":"has-post-thumbnail","8":"first","9":"instock","10":"virtual","11":"purchasable","12":"product-type-simple"},"_links":{"self":[{"href":"https:\/\/canadianrailwayclub.ca\/fr\/wp-json\/wp\/v2\/product\/2760","targetHints":{"allow":["GET"]}}],"collection":[{"href":"https:\/\/canadianrailwayclub.ca\/fr\/wp-json\/wp\/v2\/product"}],"about":[{"href":"https:\/\/canadianrailwayclub.ca\/fr\/wp-json\/wp\/v2\/types\/product"}],"replies":[{"embeddable":true,"href":"https:\/\/canadianrailwayclub.ca\/fr\/wp-json\/wp\/v2\/comments?post=2760"}],"wp:featuredmedia":[{"embeddable":true,"href":"https:\/\/canadianrailwayclub.ca\/fr\/wp-json\/wp\/v2\/media\/2761"}],"wp:attachment":[{"href":"https:\/\/canadianrailwayclub.ca\/fr\/wp-json\/wp\/v2\/media?parent=2760"}],"wp:term":[{"taxonomy":"product_brand","embeddable":true,"href":"https:\/\/canadianrailwayclub.ca\/fr\/wp-json\/wp\/v2\/product_brand?post=2760"},{"taxonomy":"product_cat","embeddable":true,"href":"https:\/\/canadianrailwayclub.ca\/fr\/wp-json\/wp\/v2\/product_cat?post=2760"},{"taxonomy":"product_tag","embeddable":true,"href":"https:\/\/canadianrailwayclub.ca\/fr\/wp-json\/wp\/v2\/product_tag?post=2760"}],"curies":[{"name":"wp","href":"https:\/\/api.w.org\/{rel}","templated":true}]}}